{"id":2,"date":"2024-10-13T13:51:11","date_gmt":"2024-10-13T13:51:11","guid":{"rendered":"https:\/\/yanapanakusun.org\/yanaenvivo\/?page_id=2"},"modified":"2025-01-13T15:56:17","modified_gmt":"2025-01-13T15:56:17","slug":"inicio","status":"publish","type":"page","link":"https:\/\/yanapanakusun.org\/yanaenvivo\/","title":{"rendered":"Inicio"},"content":{"rendered":"<p>[et_pb_section fb_built=\u00bb1&#8243; fullwidth=\u00bbon\u00bb _builder_version=\u00bb4.27.2&#8243; _module_preset=\u00bbdefault\u00bb locked=\u00bboff\u00bb global_colors_info=\u00bb{}\u00bb][et_pb_fullwidth_slider use_bg_overlay=\u00bboff\u00bb use_text_overlay=\u00bboff\u00bb _builder_version=\u00bb4.27.4&#8243; _module_preset=\u00bbdefault\u00bb header_font=\u00bb|700|||||||\u00bb header_text_color=\u00bb#FFFFFF\u00bb header_font_size=\u00bb46px\u00bb header_line_height=\u00bb1.2em\u00bb body_font=\u00bb&#8211;et_global_heading_font|600|||||||\u00bb body_text_color=\u00bb#FFFFFF\u00bb body_font_size=\u00bb40px\u00bb body_line_height=\u00bb1.2em\u00bb custom_padding=\u00bb210px||210px||true|false\u00bb auto=\u00bbon\u00bb auto_speed=\u00bb5000&#8243; auto_ignore_hover=\u00bbon\u00bb hover_enabled=\u00bb0&#8243; header_font_size_tablet=\u00bb34px\u00bb header_font_size_phone=\u00bb22px\u00bb header_font_size_last_edited=\u00bbon|phone\u00bb header_text_shadow_style=\u00bbpreset1&#8243; header_text_shadow_blur_strength=\u00bb0.18em\u00bb global_colors_info=\u00bb{}\u00bb custom_padding_last_edited=\u00bbon|phone\u00bb custom_padding_tablet=\u00bb70px||70px||true|false\u00bb sticky_enabled=\u00bb0&#8243; custom_padding_phone=\u00bb35px|6px|35px|6px|true|true\u00bb][et_pb_slide heading=\u00bbProgramas radiales y televisivos de alcance comunitario\u00bb _builder_version=\u00bb4.27.4&#8243; _module_preset=\u00bbdefault\u00bb background_enable_color=\u00bboff\u00bb use_background_color_gradient=\u00bbon\u00bb background_color_gradient_stops=\u00bbrgba(43,135,218,0) 36%|rgba(0,0,0,0.48) 100%\u00bb background_color_gradient_overlays_image=\u00bbon\u00bb background_image=\u00bbhttps:\/\/yanapanakusun.org\/yanaenvivo\/wp-content\/uploads\/2024\/12\/porta-06.jpg\u00bb background_enable_image=\u00bbon\u00bb global_colors_info=\u00bb{}\u00bb sticky_transition=\u00bbon\u00bb][\/et_pb_slide][et_pb_slide heading=\u00bbProtagonismo de ni\u00f1os, ni\u00f1as y adolescentes en espacios de toma de decisiones.\u00bb _builder_version=\u00bb4.27.4&#8243; _module_preset=\u00bbdefault\u00bb background_enable_color=\u00bboff\u00bb background_image=\u00bbhttps:\/\/yanapanakusun.org\/yanaenvivo\/wp-content\/uploads\/2024\/11\/porta-03.jpg\u00bb background_enable_image=\u00bbon\u00bb global_colors_info=\u00bb{}\u00bb sticky_transition=\u00bbon\u00bb][\/et_pb_slide][et_pb_slide heading=\u00bbPoblaci\u00f3n informada y sensibilizada en temas de problemas sociales que afectan principalmente a NNA\u00bb _builder_version=\u00bb4.27.4&#8243; _module_preset=\u00bbdefault\u00bb background_enable_color=\u00bboff\u00bb background_image=\u00bbhttps:\/\/yanapanakusun.org\/yanaenvivo\/wp-content\/uploads\/2024\/11\/porta-04.jpg\u00bb background_enable_image=\u00bbon\u00bb hover_enabled=\u00bb0&#8243; global_colors_info=\u00bb{}\u00bb sticky_transition=\u00bbon\u00bb sticky_enabled=\u00bb0&#8243;][\/et_pb_slide][et_pb_slide heading=\u00bbProgramas conducidos por promotoras locales\u00bb _builder_version=\u00bb4.27.4&#8243; _module_preset=\u00bbdefault\u00bb background_enable_color=\u00bboff\u00bb background_image=\u00bbhttps:\/\/yanapanakusun.org\/yanaenvivo\/wp-content\/uploads\/2024\/11\/porta-05.jpg\u00bb background_enable_image=\u00bbon\u00bb global_colors_info=\u00bb{}\u00bb sticky_transition=\u00bbon\u00bb][\/et_pb_slide][\/et_pb_fullwidth_slider][\/et_pb_section][et_pb_section fb_built=\u00bb1&#8243; custom_padding_last_edited=\u00bbon|phone\u00bb _builder_version=\u00bb4.27.3&#8243; custom_padding=\u00bb100px||100px||true|false\u00bb custom_padding_tablet=\u00bb100px||100px||true|false\u00bb custom_padding_phone=\u00bb60px||60px||true|false\u00bb global_colors_info=\u00bb{}\u00bb][et_pb_row _builder_version=\u00bb4.27.3&#8243; background_size=\u00bbinitial\u00bb background_position=\u00bbtop_left\u00bb background_repeat=\u00bbrepeat\u00bb custom_padding=\u00bb0px||0px||true|\u00bb global_colors_info=\u00bb{}\u00bb][et_pb_column type=\u00bb4_4&#8243; _builder_version=\u00bb4.16&#8243; custom_padding=\u00bb|||\u00bb global_colors_info=\u00bb{}\u00bb custom_padding__hover=\u00bb|||\u00bb][et_pb_text _builder_version=\u00bb4.27.4&#8243; _module_preset=\u00bbdefault\u00bb text_font=\u00bb|600|||||||\u00bb text_text_color=\u00bb#3F3F3F\u00bb text_font_size=\u00bb21px\u00bb text_line_height=\u00bb1.2em\u00bb header_font=\u00bb|800|||||||\u00bb header_text_color=\u00bb#00617F\u00bb header_line_height=\u00bb1.2em\u00bb text_orientation=\u00bbcenter\u00bb custom_margin=\u00bb||15px||false|false\u00bb hover_enabled=\u00bb0&#8243; text_font_size_tablet=\u00bb19px\u00bb text_font_size_phone=\u00bb16px\u00bb text_font_size_last_edited=\u00bbon|phone\u00bb text_line_height_tablet=\u00bb1.2em\u00bb text_line_height_phone=\u00bb1.2em\u00bb text_line_height_last_edited=\u00bbon|desktop\u00bb header_font_size_tablet=\u00bb26px\u00bb header_font_size_phone=\u00bb21px\u00bb header_font_size_last_edited=\u00bbon|phone\u00bb header_text_shadow_style=\u00bbpreset1&#8243; header_text_shadow_color=\u00bbrgba(0,0,0,0.1)\u00bb global_colors_info=\u00bb{}\u00bb sticky_enabled=\u00bb0&#8243;]<\/p>\n<h1>Bienvenidos a Yana en Vivo: Tu Conexi\u00f3n en Tiempo Real<\/h1>\n<p>[\/et_pb_text][et_pb_text _builder_version=\u00bb4.27.4&#8243; _module_preset=\u00bbdefault\u00bb text_font=\u00bb|600|||||||\u00bb text_text_color=\u00bb#3F3F3F\u00bb text_font_size=\u00bb19px\u00bb text_line_height=\u00bb1.2em\u00bb text_orientation=\u00bbcenter\u00bb custom_margin=\u00bb||17px|||\u00bb hover_enabled=\u00bb0&#8243; text_font_size_tablet=\u00bb16px\u00bb text_font_size_phone=\u00bb15px\u00bb text_font_size_last_edited=\u00bbon|phone\u00bb text_line_height_tablet=\u00bb1.2em\u00bb text_line_height_phone=\u00bb1.2em\u00bb text_line_height_last_edited=\u00bbon|desktop\u00bb global_colors_info=\u00bb{}\u00bb sticky_enabled=\u00bb0&#8243;]<\/p>\n<p style=\"text-align: justify;\"><em><strong>Yana en Vivo<\/strong><\/em> es m\u00e1s que un canal de comunicaci\u00f3n; es una herramienta de participaci\u00f3n y conexi\u00f3n, donde cada mensaje, cada programa y cada historia compartida, tiene el poder de inspirar el cambio.<\/p>\n<p style=\"text-align: justify;\">Te invitamos a ser parte activa de esta red de transformaci\u00f3n. Escucha nuestros programas, mira nuestros videos, y comparte nuestras historias. En <em><strong>Yana en Vivo<\/strong><\/em>, creemos que juntos, con informaci\u00f3n y acci\u00f3n, podemos transformar realidades.<\/p>\n<p>[\/et_pb_text][et_pb_text _builder_version=\u00bb4.27.3&#8243; _module_preset=\u00bbdefault\u00bb text_font=\u00bb|700|||||||\u00bb text_text_color=\u00bb#566d04&#8243; text_font_size=\u00bb24px\u00bb text_line_height=\u00bb1.2em\u00bb text_orientation=\u00bbcenter\u00bb text_font_size_tablet=\u00bb24px\u00bb text_font_size_phone=\u00bb18px\u00bb text_font_size_last_edited=\u00bbon|phone\u00bb global_colors_info=\u00bb{}\u00bb]<\/p>\n<p>\u00a1\u00danete a nosotros y s\u00e9 parte de la soluci\u00f3n!<\/p>\n<p>[\/et_pb_text][\/et_pb_column][\/et_pb_row][\/et_pb_section][et_pb_section fb_built=\u00bb1&#8243; _builder_version=\u00bb4.27.2&#8243; _module_preset=\u00bbdefault\u00bb custom_padding=\u00bb0px||0px||true|false\u00bb global_colors_info=\u00bb{}\u00bb][et_pb_row column_structure=\u00bb1_2,1_2&#8243; use_custom_gutter=\u00bbon\u00bb gutter_width=\u00bb1&#8243; make_equal=\u00bbon\u00bb _builder_version=\u00bb4.27.4&#8243; _module_preset=\u00bbdefault\u00bb width=\u00bb100%\u00bb max_width=\u00bb100%\u00bb custom_padding=\u00bb0px||0px||true|false\u00bb hover_enabled=\u00bb0&#8243; custom_css_main_element=\u00bbdisplay: flex;||align-items: center;\u00bb global_colors_info=\u00bb{}\u00bb custom_css_main_element_last_edited=\u00bbon|phone\u00bb sticky_enabled=\u00bb0&#8243; custom_css_main_element_phone=\u00bb**\u00bb custom_css_main_element_tablet=\u00bb*\u00bb][et_pb_column type=\u00bb1_2&#8243; _builder_version=\u00bb4.27.4&#8243; _module_preset=\u00bbdefault\u00bb background_enable_color=\u00bboff\u00bb use_background_color_gradient=\u00bbon\u00bb background_color_gradient_direction=\u00bb142deg\u00bb background_color_gradient_stops=\u00bbrgba(0,97,127,0.6) 11%|rgba(94, 130, 7, 0.92) 80%|#75a309 100%\u00bb background_color_gradient_overlays_image=\u00bbon\u00bb background_image=\u00bbhttps:\/\/yanapanakusun.org\/yanaenvivo\/wp-content\/uploads\/2024\/12\/fondo-video.jpg\u00bb custom_padding=\u00bb60px||60px||true|false\u00bb hover_enabled=\u00bb0&#8243; global_colors_info=\u00bb{}\u00bb sticky_enabled=\u00bb0&#8243;][et_pb_text _builder_version=\u00bb4.27.4&#8243; text_font=\u00bb||||||||\u00bb header_font=\u00bb||||||||\u00bb header_2_font=\u00bbRoboto|800||on|||||\u00bb header_2_font_size=\u00bb85px\u00bb header_2_letter_spacing=\u00bb0.5em\u00bb transform_scale_last_edited=\u00bboff|phone\u00bb transform_translate_phone=\u00bb0em|0px\u00bb transform_translate_last_edited=\u00bboff|phone\u00bb transform_rotate_last_edited=\u00bboff|phone\u00bb transform_skew_last_edited=\u00bboff|phone\u00bb transform_origin_last_edited=\u00bboff|phone\u00bb transform_styles_last_edited=\u00bboff|phone\u00bb text_orientation=\u00bbcenter\u00bb background_layout=\u00bbdark\u00bb filter_opacity=\u00bb20%\u00bb text_font_size_phone=\u00bb15px\u00bb text_font_size_last_edited=\u00bboff|phone\u00bb header_2_font_size_tablet=\u00bb\u00bb header_2_font_size_phone=\u00bb26px\u00bb header_2_font_size_last_edited=\u00bbon|phone\u00bb header_2_text_shadow_style=\u00bbpreset3&#8243; header_2_text_shadow_color=\u00bb#000000&#8243; text_text_align=\u00bbcenter\u00bb locked=\u00bboff\u00bb global_colors_info=\u00bb{}\u00bb]<\/p>\n<h2>VIDEOS<\/h2>\n<p>[\/et_pb_text][et_pb_text _builder_version=\u00bb4.27.4&#8243; text_font=\u00bbFjalla One|||on|||||\u00bb text_letter_spacing=\u00bb8px\u00bb header_font=\u00bbRoboto|800||on|||||\u00bb header_font_size=\u00bb5vw\u00bb header_letter_spacing=\u00bb0.2em\u00bb header_line_height=\u00bb1.1em\u00bb text_orientation=\u00bbcenter\u00bb background_layout=\u00bbdark\u00bb custom_margin=\u00bb-3vw|||||\u00bb header_font_size_tablet=\u00bb\u00bb header_font_size_phone=\u00bb36px\u00bb header_font_size_last_edited=\u00bbon|phone\u00bb header_letter_spacing_tablet=\u00bb\u00bb header_letter_spacing_phone=\u00bb0.3em\u00bb header_letter_spacing_last_edited=\u00bbon|desktop\u00bb header_text_shadow_style=\u00bbpreset3&#8243; header_text_shadow_vertical_length=\u00bb-0.03em\u00bb header_text_shadow_blur_strength=\u00bb0.15em\u00bb text_text_align=\u00bbcenter\u00bb locked=\u00bboff\u00bb global_colors_info=\u00bb{}\u00bb]<\/p>\n<h1>VIDEOS<\/h1>\n<p>Visita nuestro canal<\/p>\n<p>[\/et_pb_text][et_pb_button button_url=\u00bbhttps:\/\/www.youtube.com\/@centroyanapanakusun2025&#8243; url_new_window=\u00bbon\u00bb button_text=\u00bbcanal de youtube\u00bb button_alignment=\u00bbcenter\u00bb _builder_version=\u00bb4.27.4&#8243; _module_preset=\u00bbdefault\u00bb custom_button=\u00bbon\u00bb button_text_size=\u00bb16px\u00bb button_text_color=\u00bb#FFFFFF\u00bb button_bg_color=\u00bbrgba(0,97,127,0.5)\u00bb button_border_width=\u00bb2px\u00bb button_border_color=\u00bb#FFFFFF\u00bb button_border_radius=\u00bb40px\u00bb button_use_icon=\u00bboff\u00bb custom_margin=\u00bb3vw||0px||false|false\u00bb custom_padding=\u00bb8px|25px|8px|25px|true|true\u00bb button_text_shadow_style=\u00bbpreset1&#8243; global_colors_info=\u00bb{}\u00bb button_bg_color__hover_enabled=\u00bbon|desktop\u00bb button_bg_color__hover=\u00bbrgba(0,0,0,0.4)\u00bb button_bg_enable_color__hover=\u00bbon\u00bb button_border_width__hover_enabled=\u00bbon|hover\u00bb button_border_width__hover=\u00bb2px\u00bb button_border_color__hover_enabled=\u00bbon|hover\u00bb button_border_color__hover=\u00bb#FFFFFF\u00bb button_text_color__hover_enabled=\u00bbon|hover\u00bb button_text_color__hover=\u00bb#FFFFFF\u00bb][\/et_pb_button][\/et_pb_column][et_pb_column type=\u00bb1_2&#8243; _builder_version=\u00bb4.27.4&#8243; _module_preset=\u00bbdefault\u00bb background_enable_color=\u00bboff\u00bb use_background_color_gradient=\u00bbon\u00bb background_color_gradient_direction=\u00bb142deg\u00bb background_color_gradient_stops=\u00bbrgba(0,97,127,0.6) 11%|rgba(94, 130, 7, 0.92) 80%|#75a309 100%\u00bb background_color_gradient_overlays_image=\u00bbon\u00bb background_image=\u00bbhttps:\/\/yanapanakusun.org\/yanaenvivo\/wp-content\/uploads\/2024\/12\/fondo-sonqoykipi.jpg\u00bb custom_padding=\u00bb60px||60px||true|false\u00bb hover_enabled=\u00bb0&#8243; global_colors_info=\u00bb{}\u00bb sticky_enabled=\u00bb0&#8243;][et_pb_text _builder_version=\u00bb4.27.4&#8243; text_font=\u00bb||||||||\u00bb header_font=\u00bb||||||||\u00bb header_2_font=\u00bbRoboto|800||on|||||\u00bb header_2_text_align=\u00bbcenter\u00bb header_2_font_size=\u00bb85px\u00bb header_2_letter_spacing=\u00bb0.3em\u00bb transform_scale_last_edited=\u00bboff|phone\u00bb transform_translate_phone=\u00bb0em|0px\u00bb transform_translate_last_edited=\u00bboff|phone\u00bb transform_rotate_last_edited=\u00bboff|phone\u00bb transform_skew_last_edited=\u00bboff|phone\u00bb transform_origin_last_edited=\u00bboff|phone\u00bb transform_styles_last_edited=\u00bboff|phone\u00bb text_orientation=\u00bbcenter\u00bb background_layout=\u00bbdark\u00bb filter_opacity=\u00bb20%\u00bb text_font_size_phone=\u00bb15px\u00bb text_font_size_last_edited=\u00bboff|phone\u00bb header_2_font_size_tablet=\u00bb\u00bb header_2_font_size_phone=\u00bb26px\u00bb header_2_font_size_last_edited=\u00bbon|phone\u00bb header_2_text_shadow_style=\u00bbpreset3&#8243; header_2_text_shadow_color=\u00bb#000000&#8243; text_text_align=\u00bbcenter\u00bb locked=\u00bboff\u00bb global_colors_info=\u00bb{}\u00bb]<\/p>\n<h2>PROGRAMA<\/h2>\n<p>[\/et_pb_text][et_pb_text _builder_version=\u00bb4.27.4&#8243; text_font=\u00bbFjalla One|||on|||||\u00bb text_letter_spacing=\u00bb8px\u00bb header_font=\u00bbRoboto|800||on|||||\u00bb header_font_size=\u00bb5vw\u00bb header_letter_spacing=\u00bb0.2em\u00bb header_line_height=\u00bb1.1em\u00bb text_orientation=\u00bbcenter\u00bb background_layout=\u00bbdark\u00bb custom_margin=\u00bb-3vw|||||\u00bb header_font_size_tablet=\u00bb\u00bb header_font_size_phone=\u00bb36px\u00bb header_font_size_last_edited=\u00bbon|phone\u00bb header_letter_spacing_tablet=\u00bb\u00bb header_letter_spacing_phone=\u00bb0.3em\u00bb header_letter_spacing_last_edited=\u00bbon|desktop\u00bb header_text_shadow_style=\u00bbpreset3&#8243; header_text_shadow_vertical_length=\u00bb-0.03em\u00bb header_text_shadow_blur_strength=\u00bb0.15em\u00bb text_text_align=\u00bbcenter\u00bb locked=\u00bboff\u00bb global_colors_info=\u00bb{}\u00bb]<\/p>\n<h1>RADIAL<\/h1>\n<p>SONQOYKIPI T\u00cdKARISUNCHIS[\/et_pb_text][et_pb_button button_url=\u00bb@ET-DC@eyJkeW5hbWljIjp0cnVlLCJjb250ZW50IjoicG9zdF9saW5rX3VybF9wYWdlIiwic2V0dGluZ3MiOnsicG9zdF9pZCI6IjE2In19@\u00bb url_new_window=\u00bbon\u00bb button_text=\u00bbprogramas radiales\u00bb button_alignment=\u00bbcenter\u00bb _builder_version=\u00bb4.27.4&#8243; _dynamic_attributes=\u00bbbutton_url\u00bb _module_preset=\u00bbdefault\u00bb custom_button=\u00bbon\u00bb button_text_size=\u00bb16px\u00bb button_text_color=\u00bb#FFFFFF\u00bb button_bg_color=\u00bbrgba(0,97,127,0.5)\u00bb button_border_width=\u00bb2px\u00bb button_border_color=\u00bb#FFFFFF\u00bb button_border_radius=\u00bb40px\u00bb button_use_icon=\u00bboff\u00bb custom_margin=\u00bb3vw||0px||false|false\u00bb custom_padding=\u00bb8px|25px|8px|25px|true|true\u00bb button_text_shadow_style=\u00bbpreset1&#8243; global_colors_info=\u00bb{}\u00bb button_bg_color__hover_enabled=\u00bbon|desktop\u00bb button_bg_color__hover=\u00bbrgba(0,0,0,0.4)\u00bb button_bg_enable_color__hover=\u00bbon\u00bb button_border_width__hover_enabled=\u00bbon|hover\u00bb button_border_width__hover=\u00bb2px\u00bb button_border_color__hover_enabled=\u00bbon|hover\u00bb button_border_color__hover=\u00bb#FFFFFF\u00bb button_text_color__hover_enabled=\u00bbon|hover\u00bb button_text_color__hover=\u00bb#FFFFFF\u00bb][\/et_pb_button][\/et_pb_column][\/et_pb_row][\/et_pb_section]<\/p>\n","protected":false},"excerpt":{"rendered":"<p>Bienvenidos a Yana en Vivo: Tu Conexi\u00f3n en Tiempo RealYana en Vivo es m\u00e1s que un canal de comunicaci\u00f3n; es una herramienta de participaci\u00f3n y conexi\u00f3n, donde cada mensaje, cada programa y cada historia compartida, tiene el poder de inspirar el cambio. Te invitamos a ser parte activa de esta red de transformaci\u00f3n. Escucha nuestros [&hellip;]<\/p>\n","protected":false},"author":1,"featured_media":0,"parent":0,"menu_order":0,"comment_status":"closed","ping_status":"closed","template":"","meta":{"_et_pb_use_builder":"on","_et_pb_old_content":"<!-- wp:paragraph -->\n<p>This is an example page. It's different from a blog post because it will stay in one place and will show up in your site navigation (in most themes). Most people start with an About page that introduces them to potential site visitors. It might say something like this:<\/p>\n<!-- \/wp:paragraph -->\n\n<!-- wp:quote -->\n<blockquote class=\"wp-block-quote\"><p>Hi there! I'm a bike messenger by day, aspiring actor by night, and this is my website. I live in Los Angeles, have a great dog named Jack, and I like pi&#241;a coladas. (And gettin' caught in the rain.)<\/p><\/blockquote>\n<!-- \/wp:quote -->\n\n<!-- wp:paragraph -->\n<p>...or something like this:<\/p>\n<!-- \/wp:paragraph -->\n\n<!-- wp:quote -->\n<blockquote class=\"wp-block-quote\"><p>The XYZ Doohickey Company was founded in 1971, and has been providing quality doohickeys to the public ever since. Located in Gotham City, XYZ employs over 2,000 people and does all kinds of awesome things for the Gotham community.<\/p><\/blockquote>\n<!-- \/wp:quote -->\n\n<!-- wp:paragraph -->\n<p>As a new WordPress user, you should go to <a href=\"https:\/\/yanapanakusun.org\/yanaenvivo\/wp-admin\/\">your dashboard<\/a> to delete this page and create new pages for your content. Have fun!<\/p>\n<!-- \/wp:paragraph -->","_et_gb_content_width":"","footnotes":""},"class_list":["post-2","page","type-page","status-publish","hentry"],"_links":{"self":[{"href":"https:\/\/yanapanakusun.org\/yanaenvivo\/wp-json\/wp\/v2\/pages\/2","targetHints":{"allow":["GET"]}}],"collection":[{"href":"https:\/\/yanapanakusun.org\/yanaenvivo\/wp-json\/wp\/v2\/pages"}],"about":[{"href":"https:\/\/yanapanakusun.org\/yanaenvivo\/wp-json\/wp\/v2\/types\/page"}],"author":[{"embeddable":true,"href":"https:\/\/yanapanakusun.org\/yanaenvivo\/wp-json\/wp\/v2\/users\/1"}],"replies":[{"embeddable":true,"href":"https:\/\/yanapanakusun.org\/yanaenvivo\/wp-json\/wp\/v2\/comments?post=2"}],"version-history":[{"count":0,"href":"https:\/\/yanapanakusun.org\/yanaenvivo\/wp-json\/wp\/v2\/pages\/2\/revisions"}],"wp:attachment":[{"href":"https:\/\/yanapanakusun.org\/yanaenvivo\/wp-json\/wp\/v2\/media?parent=2"}],"curies":[{"name":"wp","href":"https:\/\/api.w.org\/{rel}","templated":true}]}}